{"id":26997,"date":"2026-01-12T12:36:00","date_gmt":"2026-01-12T12:36:00","guid":{"rendered":"https:\/\/rentexsale.com\/?page_id=26997"},"modified":"2026-01-12T13:11:48","modified_gmt":"2026-01-12T13:11:48","slug":"cookie-policy-rentexsale-real-estate","status":"publish","type":"page","link":"https:\/\/rentexsale.com\/es\/cookie-policy-rentexsale-real-estate\/","title":{"rendered":"Pol\u00edtica de Cookies - RenteXsale Real Estate"},"content":{"rendered":"<div data-elementor-type=\"wp-page\" data-elementor-id=\"26997\" class=\"elementor elementor-26997\">\n\t\t\t\t<div class=\"elementor-element elementor-element-37485286 e-flex e-con-boxed e-con e-parent\" data-id=\"37485286\" data-element_type=\"container\">\n\t\t\t\t\t<div class=\"e-con-inner\">\n\t\t\t\t<div class=\"elementor-element elementor-element-313606b7 elementor-widget elementor-widget-text-editor\" data-id=\"313606b7\" data-element_type=\"widget\" data-widget_type=\"text-editor.default\">\n\t\t\t\t<div class=\"elementor-widget-container\">\n\t\t\t\t\t\t\t\t\t<h2 data-start=\"5199\" data-end=\"5221\">1. Qu\u00e9 son las cookies<\/h2>\n<p data-start=\"5223\" data-end=\"5363\">Las cookies son peque\u00f1os archivos de texto que se almacenan en el dispositivo del usuario y permiten que el sitio web funcione correctamente y recuerde ciertas preferencias del usuario.<\/p>\n<hr data-start=\"5365\" data-end=\"5368\" \/>\n<h2 data-start=\"5370\" data-end=\"5404\">2. Cookies utilizadas en este sitio web<\/h2>\n<h3 data-start=\"5406\" data-end=\"5454\">a) Cookies estrictamente necesarias y funcionales<\/h3>\n<p data-start=\"5456\" data-end=\"5558\">Estas cookies son esenciales para el correcto funcionamiento del sitio web y no requieren el consentimiento del usuario.<\/p>\n<ul data-start=\"5560\" data-end=\"5762\">\n<li data-start=\"5560\" data-end=\"5671\">\n<p data-start=\"5562\" data-end=\"5671\"><strong data-start=\"5562\" data-end=\"5589\">wpEmojiSettingsSupports<\/strong> (sesi\u00f3n)<br data-start=\"5599\" data-end=\"5602\" \/>Utilizado por WordPress para determinar si el navegador soporta emojis.<\/p>\n<\/li>\n<li data-start=\"5673\" data-end=\"5762\">\n<p data-start=\"5675\" data-end=\"5762\"><strong data-start=\"5675\" data-end=\"5697\">wpestate_favoritos<\/strong> (10 d\u00edas)<br data-start=\"5707\" data-end=\"5710\" \/>Se utiliza para almacenar los favoritos de propiedades guardados por el usuario.<\/p>\n<\/li>\n<\/ul>\n<h3 data-start=\"5764\" data-end=\"5797\">b) Cookies de gesti\u00f3n del consentimiento<\/h3>\n<ul data-start=\"5799\" data-end=\"5947\">\n<li data-start=\"5799\" data-end=\"5947\">\n<p data-start=\"5801\" data-end=\"5947\"><strong data-start=\"5801\" data-end=\"5822\">cookieyes-consent<\/strong> (1 a\u00f1o)<br data-start=\"5831\" data-end=\"5834\" \/>Utilizado por CookieYes para almacenar las preferencias de consentimiento de cookies del usuario.<br data-start=\"5901\" data-end=\"5904\" \/>Esta cookie no almacena datos personales.<\/p>\n<\/li>\n<\/ul>\n<hr data-start=\"5949\" data-end=\"5952\" \/>\n<h2 data-start=\"5954\" data-end=\"5979\">3. Cookies de terceros<\/h2>\n<p data-start=\"5981\" data-end=\"6056\">Este sitio web no utiliza cookies de terceros para publicidad o an\u00e1lisis.<\/p>\n<p data-start=\"6058\" data-end=\"6162\">El \u00fanico servicio de terceros utilizado es <strong data-start=\"6095\" data-end=\"6108\">CookieS\u00ed<\/strong>, exclusivamente para gestionar las preferencias de consentimiento de cookies.<\/p>\n<hr data-start=\"6164\" data-end=\"6167\" \/>\n<h2 data-start=\"6169\" data-end=\"6192\">4. Gesti\u00f3n de cookies<\/h2>\n<p data-start=\"6194\" data-end=\"6227\">Los usuarios pueden gestionar las cookies a trav\u00e9s de:<\/p>\n<ul data-start=\"6228\" data-end=\"6339\">\n<li data-start=\"6228\" data-end=\"6273\">\n<p data-start=\"6230\" data-end=\"6273\">El banner de cookies que aparece en el primer acceso<\/p>\n<\/li>\n<li data-start=\"6274\" data-end=\"6339\">\n<p data-start=\"6276\" data-end=\"6339\">La configuraci\u00f3n de su navegador, donde se pueden bloquear o eliminar las cookies<\/p>\n<\/li>\n<\/ul>\n<p data-start=\"6341\" data-end=\"6417\">Tenga en cuenta que deshabilitar determinadas cookies puede afectar al funcionamiento del sitio web.<\/p>\n<hr data-start=\"6419\" data-end=\"6422\" \/>\n<h2 data-start=\"6424\" data-end=\"6445\">5. 5. Protecci\u00f3n de datos<\/h2>\n<p data-start=\"6447\" data-end=\"6573\">Para m\u00e1s informaci\u00f3n sobre el tratamiento de datos personales, consulte la Pol\u00edtica de privacidad disponible en el pie de p\u00e1gina del sitio web.<\/p>\n<hr data-start=\"6575\" data-end=\"6578\" \/>\n<h2 data-start=\"6580\" data-end=\"6608\">6. Cambios en esta pol\u00edtica<\/h2>\n<p data-start=\"6610\" data-end=\"6701\">Esta Pol\u00edtica de Cookies puede ser actualizada para reflejar cambios en las cookies utilizadas o requisitos legales.<\/p>\n<hr data-start=\"6703\" data-end=\"6706\" \/>\n<p data-start=\"6708\" data-end=\"6738\"><strong data-start=\"6708\" data-end=\"6725\">\u00daltima actualizaci\u00f3n:<\/strong> Enero de 2026<\/p>\t\t\t\t\t\t\t\t<\/div>\n\t\t\t\t<\/div>\n\t\t\t\t\t<\/div>\n\t\t\t\t<\/div>\n\t\t\t\t<\/div>","protected":false},"excerpt":{"rendered":"<p>1. What Are Cookies Cookies are small text files stored on the user\u2019s device that allow the Website to function correctly and remember certain user preferences. 2. Cookies Used on This Website a) Strictly Necessary and Functional Cookies These cookies are essential for the proper functioning of the Website and do not require user consent. wpEmojiSettingsSupports (session)Used by WordPress to determine whether the browser &#8230;<\/p>","protected":false},"author":3,"featured_media":0,"parent":0,"menu_order":0,"comment_status":"closed","ping_status":"closed","template":"","meta":{"om_disable_all_campaigns":false,"inline_featured_image":false,"footnotes":""},"class_list":["post-26997","page","type-page","status-publish","hentry"],"aioseo_notices":[],"_links":{"self":[{"href":"https:\/\/rentexsale.com\/es\/wp-json\/wp\/v2\/pages\/26997","targetHints":{"allow":["GET"]}}],"collection":[{"href":"https:\/\/rentexsale.com\/es\/wp-json\/wp\/v2\/pages"}],"about":[{"href":"https:\/\/rentexsale.com\/es\/wp-json\/wp\/v2\/types\/page"}],"author":[{"embeddable":true,"href":"https:\/\/rentexsale.com\/es\/wp-json\/wp\/v2\/users\/3"}],"replies":[{"embeddable":true,"href":"https:\/\/rentexsale.com\/es\/wp-json\/wp\/v2\/comments?post=26997"}],"version-history":[{"count":4,"href":"https:\/\/rentexsale.com\/es\/wp-json\/wp\/v2\/pages\/26997\/revisions"}],"predecessor-version":[{"id":27008,"href":"https:\/\/rentexsale.com\/es\/wp-json\/wp\/v2\/pages\/26997\/revisions\/27008"}],"wp:attachment":[{"href":"https:\/\/rentexsale.com\/es\/wp-json\/wp\/v2\/media?parent=26997"}],"curies":[{"name":"wp","href":"https:\/\/api.w.org\/{rel}","templated":true}]}}