{"id":676,"date":"2014-05-30T12:07:14","date_gmt":"2014-05-30T12:07:14","guid":{"rendered":"http:\/\/wpresidence.net\/?page_id=676"},"modified":"2024-07-05T09:49:32","modified_gmt":"2024-07-05T09:49:32","slug":"contact-us","status":"publish","type":"page","link":"https:\/\/rentexsale.com\/es\/contact-us\/","title":{"rendered":"Cont\u00e1ctenos"},"content":{"rendered":"<p><\/p>\n\n\n<h2 style=\"text-align: center;\"><strong>contactos de agencia<\/strong><\/h2>\n<h4 style=\"text-align: center;\"><strong>Info@rentexsale.com<\/strong><\/h4>\n<h4 style=\"text-align: center;\"><strong>+34613876650<\/strong><\/h4>\n<p style=\"text-align: center;\"><strong>Nos gusta considerarnos una agencia de gesti\u00f3n y alquiler peque\u00f1a pero perfectamente formada. Al trabajar, obtiene la exposici\u00f3n, el conocimiento y la experiencia que esperar\u00eda de un agente grande, pero el servicio que solo recibir\u00e1 de una empresa m\u00e1s peque\u00f1a construida alrededor del enfoque de cliente e inquilino de 100%.<\/strong><\/p>\n<p style=\"text-align: center;\">Ya sea que est\u00e9 buscando una propiedad en venta en el \u00e1rea de Espa\u00f1a o una propiedad en alquiler, RenteXsale facilita la b\u00fasqueda. Utilice nuestra exclusiva funci\u00f3n de mapeo de geolocalizaci\u00f3n para localizar su villa, casa adosada o apartamento ideal. Te ayudaremos a encontrar la casa de tus sue\u00f1os en tan solo unos segundos.<\/p>\n<h2>\u00a0<\/h2>\n<h2 style=\"text-align: center;\"><strong>Agentes\u00a0<\/strong><\/h2>\n\n\n<p><\/p>","protected":false},"excerpt":{"rendered":"<p>Agency contacts Info@rentexsale.com +34613876650 We like to think of ourselves as a small but perfectly formed lettings &amp; management agency. Working you get the exposure, knowledge and expertise you would expect from a large agent, but the service you will only receive from a smaller business built around 100% client and tenant focus. Whether you\u2019re looking for property for sale in Spain area or &#8230;<\/p>","protected":false},"author":1,"featured_media":0,"parent":0,"menu_order":0,"comment_status":"open","ping_status":"open","template":"page-templates\/agents_list.php","meta":{"om_disable_all_campaigns":false,"inline_featured_image":false,"footnotes":""},"class_list":["post-676","page","type-page","status-publish","hentry"],"aioseo_notices":[],"_links":{"self":[{"href":"https:\/\/rentexsale.com\/es\/wp-json\/wp\/v2\/pages\/676","targetHints":{"allow":["GET"]}}],"collection":[{"href":"https:\/\/rentexsale.com\/es\/wp-json\/wp\/v2\/pages"}],"about":[{"href":"https:\/\/rentexsale.com\/es\/wp-json\/wp\/v2\/types\/page"}],"author":[{"embeddable":true,"href":"https:\/\/rentexsale.com\/es\/wp-json\/wp\/v2\/users\/1"}],"replies":[{"embeddable":true,"href":"https:\/\/rentexsale.com\/es\/wp-json\/wp\/v2\/comments?post=676"}],"version-history":[{"count":26,"href":"https:\/\/rentexsale.com\/es\/wp-json\/wp\/v2\/pages\/676\/revisions"}],"predecessor-version":[{"id":25987,"href":"https:\/\/rentexsale.com\/es\/wp-json\/wp\/v2\/pages\/676\/revisions\/25987"}],"wp:attachment":[{"href":"https:\/\/rentexsale.com\/es\/wp-json\/wp\/v2\/media?parent=676"}],"curies":[{"name":"wp","href":"https:\/\/api.w.org\/{rel}","templated":true}]}}