{"id":22741,"date":"2023-11-28T12:31:09","date_gmt":"2023-11-28T12:31:09","guid":{"rendered":"https:\/\/sandiego.wpresidence.net\/?page_id=22741"},"modified":"2024-06-02T08:09:41","modified_gmt":"2024-06-02T08:09:41","slug":"home-valuation","status":"publish","type":"page","link":"https:\/\/rentexsale.com\/lt\/home-valuation\/","title":{"rendered":"Turto vertinimas"},"content":{"rendered":"<div data-elementor-type=\"wp-page\" data-elementor-id=\"22741\" class=\"elementor elementor-22741\">\n\t\t\t\t<div class=\"elementor-element elementor-element-942941e e-flex e-con-boxed e-con e-parent\" data-id=\"942941e\" data-element_type=\"container\" data-settings=\"{&quot;background_background&quot;:&quot;classic&quot;}\">\n\t\t\t\t\t<div class=\"e-con-inner\">\n\t\t\t\t<div class=\"elementor-element elementor-element-e112989 elementor-widget elementor-widget-heading\" data-id=\"e112989\" data-element_type=\"widget\" data-widget_type=\"heading.default\">\n\t\t\t\t<div class=\"elementor-widget-container\">\n\t\t\t\t\t<h2 class=\"elementor-heading-title elementor-size-default\">Norite su\u017einoti, kiek vertas j\u016bs\u0173 turtas?<\/h2>\t\t\t\t<\/div>\n\t\t\t\t<\/div>\n\t\t\t\t\t<\/div>\n\t\t\t\t<\/div>\n\t\t<div class=\"elementor-element elementor-element-3471902 e-flex e-con-boxed e-con e-parent\" data-id=\"3471902\" data-element_type=\"container\" data-settings=\"{&quot;background_background&quot;:&quot;classic&quot;}\">\n\t\t\t\t\t<div class=\"e-con-inner\">\n\t\t<div class=\"elementor-element elementor-element-f5201be e-con-full e-flex e-con e-child\" data-id=\"f5201be\" data-element_type=\"container\" data-settings=\"{&quot;background_background&quot;:&quot;classic&quot;}\">\n\t\t\t\t<div class=\"elementor-element elementor-element-9ad24ab elementor-widget-divider--view-line elementor-widget elementor-widget-divider\" data-id=\"9ad24ab\" data-element_type=\"widget\" data-widget_type=\"divider.default\">\n\t\t\t\t<div class=\"elementor-widget-container\">\n\t\t\t\t\t\t\t<div class=\"elementor-divider\">\n\t\t\t<span class=\"elementor-divider-separator\">\n\t\t\t\t\t\t<\/span>\n\t\t<\/div>\n\t\t\t\t\t\t<\/div>\n\t\t\t\t<\/div>\n\t\t\t\t<\/div>\n\t\t<div class=\"elementor-element elementor-element-9bd865e e-con-full e-flex e-con e-child\" data-id=\"9bd865e\" data-element_type=\"container\" data-settings=\"{&quot;background_background&quot;:&quot;classic&quot;}\">\n\t\t\t\t<div class=\"elementor-element elementor-element-75e3bee elementor-invisible elementor-widget elementor-widget-heading\" data-id=\"75e3bee\" data-element_type=\"widget\" data-settings=\"{&quot;_animation&quot;:&quot;fadeIn&quot;}\" data-widget_type=\"heading.default\">\n\t\t\t\t<div class=\"elementor-widget-container\">\n\t\t\t\t\t<h2 class=\"elementor-heading-title elementor-size-default\">Gaukite turto vertinim\u0105<\/h2>\t\t\t\t<\/div>\n\t\t\t\t<\/div>\n\t\t\t\t<div class=\"elementor-element elementor-element-4df4547 elementor-button-align-start elementor-widget elementor-widget-WpResidence_Contact_Form_Builder\" data-id=\"4df4547\" data-element_type=\"widget\" data-widget_type=\"WpResidence_Contact_Form_Builder.default\">\n\t\t\t\t<div class=\"elementor-widget-container\">\n\t\t\t\t\t\n\n\n\n\n        <form class=\"elementor-form wpresidence_elementor_form wpestate_contact_form_parent\"  id=\"wpresidence-elementor-form-4df4547\" method=\"post\" action=\"\" >\n            <div class=\"alert-box error\">\n                <div class=\"alert-message\" id=\"alert-agent-contact\"><\/div>\n            <\/div>\n            <input name=\"prop_id\" type=\"hidden\"  id=\"agent_property_id\" value=\"\">\n            <input name=\"prop_id\" type=\"hidden\"  id=\"agent_id\" value=\"\">\n            <input name=\"prop_id\" type=\"hidden\"  id=\"contact_form_elementor\" value=\"1\">\n            <input type=\"hidden\" name=\"contact_ajax_nonce\" id=\"agent_property_ajax_nonce\"  value=\"6459ac93b6\" \/>\n\n            \n            \n            <input type=\"hidden\" id=\"wpresidence_form_id\" name=\"wpresidence_form_id\" value=\"wpresidence_form_7934\" \/>\n        \n            <input type=\"hidden\" id=\"elementor_email_subject\" name=\"email_suject\" value=\"New email from &quot;WPResidence - Popular Customizable Real Estate WordPress Theme&quot; \" \/>\n\n\n            <div class=\"elementor-form-fields-wrapper elementor-labels-above\">\n        <div class=\"elementor-field-group elementor-column form-group elementor-field-group-24f699d elementor-col-50\"><label for=\"form-field-24f699d\" class=\"elementor-field-label\">Pirmas vardas<\/label><input type=\"text\" name=\"first_name\" id=\"form-field-24f699d\" class=\"elementor-field form-control elementor-size-md elementor-field-textual\" placeholder=\"Pirmas vardas\"><\/div><div class=\"elementor-field-group elementor-column form-group elementor-field-group-name elementor-col-50\"><label for=\"form-field-name\" class=\"elementor-field-label\">Pavard\u0117<\/label><input type=\"text\" name=\"last_name\" id=\"form-field-name\" class=\"elementor-field form-control elementor-size-md elementor-field-textual\" placeholder=\"Pirmas vardas\"><\/div><div class=\"elementor-field-group elementor-column form-group elementor-field-group-email elementor-field-required elementor-col-50\"><label for=\"form-field-email\" class=\"elementor-field-label\">El. pa\u0161tas*<\/label><input type=\"email\" name=\"email\" id=\"form-field-email\" class=\"elementor-field form-control elementor-size-md elementor-field-textual\" required=\"required\" placeholder=\"El. pa\u0161tas\"><\/div><div class=\"elementor-field-group elementor-column form-group elementor-field-group-message elementor-field-required elementor-col-50\"><label for=\"form-field-message\" class=\"elementor-field-label\">mobilusis*<\/label><input type=\"text\" name=\"mobile\" id=\"form-field-message\" class=\"elementor-field form-control elementor-size-md elementor-field-textual\" required=\"required\" placeholder=\"Mobilusis\"><\/div><div class=\"elementor-field-group elementor-column form-group elementor-field-group-f8c1f29 elementor-col-50\"><label for=\"form-field-f8c1f29\" class=\"elementor-field-label\">\u0160alis<\/label><input type=\"text\" name=\"country\" id=\"form-field-f8c1f29\" class=\"elementor-field form-control elementor-size-md elementor-field-textual\" placeholder=\"\u0160alis\"><\/div><div class=\"elementor-field-group elementor-column form-group elementor-field-group-414f7d2 elementor-field-required elementor-col-50\"><label for=\"form-field-414f7d2\" class=\"elementor-field-label\">Miestas*<\/label><input type=\"text\" name=\"city\" id=\"form-field-414f7d2\" class=\"elementor-field form-control elementor-size-md elementor-field-textual\" required=\"required\" placeholder=\"Miestas\"><\/div><div class=\"elementor-field-group elementor-column form-group elementor-field-group-ae8e893 elementor-col-50\"><label for=\"form-field-ae8e893\" class=\"elementor-field-label\">Adresas<\/label><input type=\"text\" name=\"address\" id=\"form-field-ae8e893\" class=\"elementor-field form-control elementor-size-md elementor-field-textual\" placeholder=\"Adresas\"><\/div><div class=\"elementor-field-group elementor-column form-group elementor-field-group-06f334c elementor-col-50\"><label for=\"form-field-06f334c\" class=\"elementor-field-label\">Pa\u0161to kodas<\/label><input type=\"text\" name=\"zip\" id=\"form-field-06f334c\" class=\"elementor-field form-control elementor-size-md elementor-field-textual\" placeholder=\"Pa\u0161to kodas\"><\/div><div class=\"elementor-field-group elementor-column form-group elementor-field-group-f1e07cd elementor-field-required elementor-col-100\"><label for=\"form-field-f1e07cd\" class=\"elementor-field-label\">\u017einut\u0117*<\/label><textarea class=\"form-control elementor-field-textual elementor-field elementor-size-md\" name=\"message\" id=\"form-field-f1e07cd\" rows=\"4\" required=\"required\" placeholder=\"Prane\u0161imas\"><\/textarea><\/div>\n                <div class=\"elementor-field-group elementor-column elementor-field-type-submit elementor-col-100\">\n        <div class=\"gpr_wrapper\"><input type=\"checkbox\"  role=\"checkbox\" aria-checked=\"false\" id=\"wpestate_agree_gdpr\" class=\"wpestate_agree_gdpr\" name=\"wpestate_agree_gdpr\" \/>\n                    <label for=\"wpestate_agree_gdpr\"><a target=\"_blank\" href=\"https:\/\/rentexsale.com\/lt\/\">Sutinku, kad mano informacija b\u016bt\u0173 i\u0161saugota<\/a><\/label><\/div>\n\t\t\t\t\t\t\t\t\t\t\t\t                    <button type=\"submit\" class=\"agent_submit_class_elementor wpresidence_button wpresidence_button_elementor elementor-button elementor-size-md\">\n                    Si\u0173sti lai\u0161k\u0105                            <\/button>\n\n                <\/div>\n            <\/div>\n\n\n\n        <input type=\"hidden\" name=\"trp-form-language\" value=\"lt\"\/><\/form>\n\n\n\n\n        \t\t\t\t<\/div>\n\t\t\t\t<\/div>\n\t\t\t\t<\/div>\n\t\t\t\t\t<\/div>\n\t\t\t\t<\/div>\n\t\t<div class=\"elementor-element elementor-element-bd0b0bb e-flex e-con-boxed e-con e-parent\" data-id=\"bd0b0bb\" data-element_type=\"container\">\n\t\t\t\t\t<div class=\"e-con-inner\">\n\t\t\t\t<div class=\"elementor-element elementor-element-7986700 elementor-widget elementor-widget-spacer\" data-id=\"7986700\" data-element_type=\"widget\" data-widget_type=\"spacer.default\">\n\t\t\t\t<div class=\"elementor-widget-container\">\n\t\t\t\t\t\t\t<div class=\"elementor-spacer\">\n\t\t\t<div class=\"elementor-spacer-inner\"><\/div>\n\t\t<\/div>\n\t\t\t\t\t\t<\/div>\n\t\t\t\t<\/div>\n\t\t\t\t<div class=\"elementor-element elementor-element-23d479c elementor-widget elementor-widget-heading\" data-id=\"23d479c\" data-element_type=\"widget\" data-widget_type=\"heading.default\">\n\t\t\t\t<div class=\"elementor-widget-container\">\n\t\t\t\t\t<h4 class=\"elementor-heading-title elementor-size-default\">Norite su\u017einoti daugiau apie mus?<\/h4>\t\t\t\t<\/div>\n\t\t\t\t<\/div>\n\t\t\t\t<div class=\"elementor-element elementor-element-606f307 elementor-shape-rounded elementor-grid-0 e-grid-align-center elementor-widget elementor-widget-social-icons\" data-id=\"606f307\" data-element_type=\"widget\" data-widget_type=\"social-icons.default\">\n\t\t\t\t<div class=\"elementor-widget-container\">\n\t\t\t\t\t\t\t<div class=\"elementor-social-icons-wrapper elementor-grid\" role=\"list\">\n\t\t\t\t\t\t\t<span class=\"elementor-grid-item\" role=\"listitem\">\n\t\t\t\t\t<a class=\"elementor-icon elementor-social-icon elementor-social-icon-facebook elementor-repeater-item-cc902e5\" href=\"https:\/\/www.facebook.com\/profile.php?id=61560226568448\" target=\"_blank\">\n\t\t\t\t\t\t<span class=\"elementor-screen-only\">Facebook<\/span>\n\t\t\t\t\t\t<svg aria-hidden=\"true\" class=\"e-font-icon-svg e-fab-facebook\" viewbox=\"0 0 512 512\" xmlns=\"http:\/\/www.w3.org\/2000\/svg\"><path d=\"M504 256C504 119 393 8 256 8S8 119 8 256c0 123.78 90.69 226.38 209.25 245V327.69h-63V256h63v-54.64c0-62.15 37-96.48 93.67-96.48 27.14 0 55.52 4.84 55.52 4.84v61h-31.28c-30.8 0-40.41 19.12-40.41 38.73V256h68.78l-11 71.69h-57.78V501C413.31 482.38 504 379.78 504 256z\"><\/path><\/svg>\t\t\t\t\t<\/a>\n\t\t\t\t<\/span>\n\t\t\t\t\t\t\t<span class=\"elementor-grid-item\" role=\"listitem\">\n\t\t\t\t\t<a class=\"elementor-icon elementor-social-icon elementor-social-icon-instagram elementor-repeater-item-84c8739\" href=\"https:\/\/www.instagram.com\/rentex_sale?igsh=MXV1emE4MWNqbWJ1Yw%3D%3D&#038;utm_source=qr\" target=\"_blank\">\n\t\t\t\t\t\t<span class=\"elementor-screen-only\">Instagramas<\/span>\n\t\t\t\t\t\t<svg aria-hidden=\"true\" class=\"e-font-icon-svg e-fab-instagram\" viewbox=\"0 0 448 512\" xmlns=\"http:\/\/www.w3.org\/2000\/svg\"><path d=\"M224.1 141c-63.6 0-114.9 51.3-114.9 114.9s51.3 114.9 114.9 114.9S339 319.5 339 255.9 287.7 141 224.1 141zm0 189.6c-41.1 0-74.7-33.5-74.7-74.7s33.5-74.7 74.7-74.7 74.7 33.5 74.7 74.7-33.6 74.7-74.7 74.7zm146.4-194.3c0 14.9-12 26.8-26.8 26.8-14.9 0-26.8-12-26.8-26.8s12-26.8 26.8-26.8 26.8 12 26.8 26.8zm76.1 27.2c-1.7-35.9-9.9-67.7-36.2-93.9-26.2-26.2-58-34.4-93.9-36.2-37-2.1-147.9-2.1-184.9 0-35.8 1.7-67.6 9.9-93.9 36.1s-34.4 58-36.2 93.9c-2.1 37-2.1 147.9 0 184.9 1.7 35.9 9.9 67.7 36.2 93.9s58 34.4 93.9 36.2c37 2.1 147.9 2.1 184.9 0 35.9-1.7 67.7-9.9 93.9-36.2 26.2-26.2 34.4-58 36.2-93.9 2.1-37 2.1-147.8 0-184.8zM398.8 388c-7.8 19.6-22.9 34.7-42.6 42.6-29.5 11.7-99.5 9-132.1 9s-102.7 2.6-132.1-9c-19.6-7.8-34.7-22.9-42.6-42.6-11.7-29.5-9-99.5-9-132.1s-2.6-102.7 9-132.1c7.8-19.6 22.9-34.7 42.6-42.6 29.5-11.7 99.5-9 132.1-9s102.7-2.6 132.1 9c19.6 7.8 34.7 22.9 42.6 42.6 11.7 29.5 9 99.5 9 132.1s2.7 102.7-9 132.1z\"><\/path><\/svg>\t\t\t\t\t<\/a>\n\t\t\t\t<\/span>\n\t\t\t\t\t\t\t<span class=\"elementor-grid-item\" role=\"listitem\">\n\t\t\t\t\t<a class=\"elementor-icon elementor-social-icon elementor-social-icon-linkedin elementor-repeater-item-822dea8\" href=\"https:\/\/www.linkedin.com\/in\/lucija-matuizo-688a5a310?utm_source=share&#038;utm_campaign=share_via&#038;utm_content=profile&#038;utm_medium=ios_app\" target=\"_blank\">\n\t\t\t\t\t\t<span class=\"elementor-screen-only\">Linkedin<\/span>\n\t\t\t\t\t\t<svg aria-hidden=\"true\" class=\"e-font-icon-svg e-fab-linkedin\" viewbox=\"0 0 448 512\" xmlns=\"http:\/\/www.w3.org\/2000\/svg\"><path d=\"M416 32H31.9C14.3 32 0 46.5 0 64.3v383.4C0 465.5 14.3 480 31.9 480H416c17.6 0 32-14.5 32-32.3V64.3c0-17.8-14.4-32.3-32-32.3zM135.4 416H69V202.2h66.5V416zm-33.2-243c-21.3 0-38.5-17.3-38.5-38.5S80.9 96 102.2 96c21.2 0 38.5 17.3 38.5 38.5 0 21.3-17.2 38.5-38.5 38.5zm282.1 243h-66.4V312c0-24.8-.5-56.7-34.5-56.7-34.6 0-39.9 27-39.9 54.9V416h-66.4V202.2h63.7v29.2h.9c8.9-16.8 30.6-34.5 62.9-34.5 67.2 0 79.7 44.3 79.7 101.9V416z\"><\/path><\/svg>\t\t\t\t\t<\/a>\n\t\t\t\t<\/span>\n\t\t\t\t\t<\/div>\n\t\t\t\t\t\t<\/div>\n\t\t\t\t<\/div>\n\t\t\t\t<div class=\"elementor-element elementor-element-caa5a51 elementor-widget elementor-widget-spacer\" data-id=\"caa5a51\" data-element_type=\"widget\" data-widget_type=\"spacer.default\">\n\t\t\t\t<div class=\"elementor-widget-container\">\n\t\t\t\t\t\t\t<div class=\"elementor-spacer\">\n\t\t\t<div class=\"elementor-spacer-inner\"><\/div>\n\t\t<\/div>\n\t\t\t\t\t\t<\/div>\n\t\t\t\t<\/div>\n\t\t\t\t\t<\/div>\n\t\t\t\t<\/div>\n\t\t\t\t<\/div>","protected":false},"excerpt":{"rendered":"<p>Do want to know what&#8217;s your property worth? Get your home Estimation First NameLast NameEmail*Mobile*CountryCity*AddressPost codeMessage* I consent to having my information saved Send Email Want to know more about us? Facebook Instagram Linkedin<\/p>","protected":false},"author":1,"featured_media":0,"parent":0,"menu_order":0,"comment_status":"closed","ping_status":"closed","template":"elementor_header_footer","meta":{"om_disable_all_campaigns":false,"inline_featured_image":false,"footnotes":""},"class_list":["post-22741","page","type-page","status-publish","hentry"],"aioseo_notices":[],"_links":{"self":[{"href":"https:\/\/rentexsale.com\/lt\/wp-json\/wp\/v2\/pages\/22741","targetHints":{"allow":["GET"]}}],"collection":[{"href":"https:\/\/rentexsale.com\/lt\/wp-json\/wp\/v2\/pages"}],"about":[{"href":"https:\/\/rentexsale.com\/lt\/wp-json\/wp\/v2\/types\/page"}],"author":[{"embeddable":true,"href":"https:\/\/rentexsale.com\/lt\/wp-json\/wp\/v2\/users\/1"}],"replies":[{"embeddable":true,"href":"https:\/\/rentexsale.com\/lt\/wp-json\/wp\/v2\/comments?post=22741"}],"version-history":[{"count":18,"href":"https:\/\/rentexsale.com\/lt\/wp-json\/wp\/v2\/pages\/22741\/revisions"}],"predecessor-version":[{"id":25969,"href":"https:\/\/rentexsale.com\/lt\/wp-json\/wp\/v2\/pages\/22741\/revisions\/25969"}],"wp:attachment":[{"href":"https:\/\/rentexsale.com\/lt\/wp-json\/wp\/v2\/media?parent=22741"}],"curies":[{"name":"wp","href":"https:\/\/api.w.org\/{rel}","templated":true}]}}