{"id":676,"date":"2014-05-30T12:07:14","date_gmt":"2014-05-30T12:07:14","guid":{"rendered":"http:\/\/wpresidence.net\/?page_id=676"},"modified":"2024-07-05T09:49:32","modified_gmt":"2024-07-05T09:49:32","slug":"contact-us","status":"publish","type":"page","link":"https:\/\/rentexsale.com\/lt\/contact-us\/","title":{"rendered":"Kontaktai"},"content":{"rendered":"<p><\/p>\n\n\n<h2 style=\"text-align: center;\"><strong>Agent\u016bros kontaktai<\/strong><\/h2>\n<h4 style=\"text-align: center;\"><strong>Info@rentexsale.com<\/strong><\/h4>\n<h4 style=\"text-align: center;\"><strong>+34613876650<\/strong><\/h4>\n<p style=\"text-align: center;\"><strong>Mums patinka galvoti apie save kaip apie ma\u017e\u0105, bet puikiai suformuot\u0105 nuomos ir valdymo agent\u016br\u0105. Dirbdami gausite toki\u0105 informacij\u0105, \u017einias ir patirt\u012f, kurios tikit\u0117s i\u0161 stambaus agento, ta\u010diau paslaug\u0105 gausite tik i\u0161 ma\u017eesn\u0117s \u012fmon\u0117s, sukurtos remiantis 100% klientu ir nuomininku.<\/strong><\/p>\n<p style=\"text-align: center;\">Nesvarbu, ar ie\u0161kote parduodamo turto Ispanijoje, ar nuomojamo turto, RenteXsale paie\u0161ka palengvina. Naudokite m\u016bs\u0173 unikali\u0105 geografin\u0117s vietos nustatymo funkcij\u0105, kad i\u0161naikintum\u0117te savo ideali\u0105 vil\u0105, nam\u0105 ar but\u0105. Mes pad\u0117sime jums surasti j\u016bs\u0173 svajoni\u0173 nam\u0105 vos per kelias sekundes.<\/p>\n<h2>\u00a0<\/h2>\n<h2 style=\"text-align: center;\"><strong>Agentai\u00a0<\/strong><\/h2>\n\n\n<p><\/p>","protected":false},"excerpt":{"rendered":"<p>Agency contacts Info@rentexsale.com +34613876650 We like to think of ourselves as a small but perfectly formed lettings &amp; management agency. Working you get the exposure, knowledge and expertise you would expect from a large agent, but the service you will only receive from a smaller business built around 100% client and tenant focus. Whether you\u2019re looking for property for sale in Spain area or &#8230;<\/p>","protected":false},"author":1,"featured_media":0,"parent":0,"menu_order":0,"comment_status":"open","ping_status":"open","template":"page-templates\/agents_list.php","meta":{"om_disable_all_campaigns":false,"inline_featured_image":false,"footnotes":""},"class_list":["post-676","page","type-page","status-publish","hentry"],"aioseo_notices":[],"_links":{"self":[{"href":"https:\/\/rentexsale.com\/lt\/wp-json\/wp\/v2\/pages\/676","targetHints":{"allow":["GET"]}}],"collection":[{"href":"https:\/\/rentexsale.com\/lt\/wp-json\/wp\/v2\/pages"}],"about":[{"href":"https:\/\/rentexsale.com\/lt\/wp-json\/wp\/v2\/types\/page"}],"author":[{"embeddable":true,"href":"https:\/\/rentexsale.com\/lt\/wp-json\/wp\/v2\/users\/1"}],"replies":[{"embeddable":true,"href":"https:\/\/rentexsale.com\/lt\/wp-json\/wp\/v2\/comments?post=676"}],"version-history":[{"count":26,"href":"https:\/\/rentexsale.com\/lt\/wp-json\/wp\/v2\/pages\/676\/revisions"}],"predecessor-version":[{"id":25987,"href":"https:\/\/rentexsale.com\/lt\/wp-json\/wp\/v2\/pages\/676\/revisions\/25987"}],"wp:attachment":[{"href":"https:\/\/rentexsale.com\/lt\/wp-json\/wp\/v2\/media?parent=676"}],"curies":[{"name":"wp","href":"https:\/\/api.w.org\/{rel}","templated":true}]}}