{"id":676,"date":"2014-05-30T12:07:14","date_gmt":"2014-05-30T12:07:14","guid":{"rendered":"http:\/\/wpresidence.net\/?page_id=676"},"modified":"2024-07-05T09:49:32","modified_gmt":"2024-07-05T09:49:32","slug":"contact-us","status":"publish","type":"page","link":"https:\/\/rentexsale.com\/pl\/contact-us\/","title":{"rendered":"Skontaktuj si\u0119 z nami"},"content":{"rendered":"<p><\/p>\n\n\n<h2 style=\"text-align: center;\"><strong>Kontakty agencji<\/strong><\/h2>\n<h4 style=\"text-align: center;\"><strong>Info@rentexsale.com<\/strong><\/h4>\n<h4 style=\"text-align: center;\"><strong>+34613876650<\/strong><\/h4>\n<p style=\"text-align: center;\"><strong>Lubimy my\u015ble\u0107 o sobie jako o ma\u0142ej, ale doskonale ukszta\u0142towanej agencji wynajmu i zarz\u0105dzania. Pracuj\u0105c, zyskujesz ekspozycj\u0119, wiedz\u0119 i do\u015bwiadczenie, jakich mo\u017cna oczekiwa\u0107 od du\u017cego agenta, ale us\u0142ug\u0119 otrzymasz tylko od mniejszej firmy zbudowanej wok\u00f3\u0142 klienta i najemcy 100%.<\/strong><\/p>\n<p style=\"text-align: center;\">Niezale\u017cnie od tego, czy szukasz nieruchomo\u015bci na sprzeda\u017c w Hiszpanii, czy nieruchomo\u015bci do wynaj\u0119cia, RenteXsale u\u0142atwia wyszukiwanie. Skorzystaj z naszej unikalnej funkcji mapowania geolokalizacji, aby znale\u017a\u0107 idealn\u0105 will\u0119, kamienic\u0119 lub mieszkanie. Pomo\u017cemy Ci znale\u017a\u0107 wymarzony dom w ci\u0105gu zaledwie kilku sekund.<\/p>\n<h2>\u00a0<\/h2>\n<h2 style=\"text-align: center;\"><strong>Agenci\u00a0<\/strong><\/h2>\n\n\n<p><\/p>","protected":false},"excerpt":{"rendered":"<p>Agency contacts Info@rentexsale.com +34613876650 We like to think of ourselves as a small but perfectly formed lettings &amp; management agency. Working you get the exposure, knowledge and expertise you would expect from a large agent, but the service you will only receive from a smaller business built around 100% client and tenant focus. Whether you\u2019re looking for property for sale in Spain area or &#8230;<\/p>","protected":false},"author":1,"featured_media":0,"parent":0,"menu_order":0,"comment_status":"open","ping_status":"open","template":"page-templates\/agents_list.php","meta":{"om_disable_all_campaigns":false,"inline_featured_image":false,"footnotes":""},"class_list":["post-676","page","type-page","status-publish","hentry"],"aioseo_notices":[],"_links":{"self":[{"href":"https:\/\/rentexsale.com\/pl\/wp-json\/wp\/v2\/pages\/676","targetHints":{"allow":["GET"]}}],"collection":[{"href":"https:\/\/rentexsale.com\/pl\/wp-json\/wp\/v2\/pages"}],"about":[{"href":"https:\/\/rentexsale.com\/pl\/wp-json\/wp\/v2\/types\/page"}],"author":[{"embeddable":true,"href":"https:\/\/rentexsale.com\/pl\/wp-json\/wp\/v2\/users\/1"}],"replies":[{"embeddable":true,"href":"https:\/\/rentexsale.com\/pl\/wp-json\/wp\/v2\/comments?post=676"}],"version-history":[{"count":26,"href":"https:\/\/rentexsale.com\/pl\/wp-json\/wp\/v2\/pages\/676\/revisions"}],"predecessor-version":[{"id":25987,"href":"https:\/\/rentexsale.com\/pl\/wp-json\/wp\/v2\/pages\/676\/revisions\/25987"}],"wp:attachment":[{"href":"https:\/\/rentexsale.com\/pl\/wp-json\/wp\/v2\/media?parent=676"}],"curies":[{"name":"wp","href":"https:\/\/api.w.org\/{rel}","templated":true}]}}